{"id":7,"date":"2022-07-15T11:43:12","date_gmt":"2022-07-15T09:43:12","guid":{"rendered":"http:\/\/www.malt-events.lu\/about\/"},"modified":"2024-07-15T17:13:10","modified_gmt":"2024-07-15T15:13:10","slug":"a-propos-espace-evenementiel-malt-luxembourg","status":"publish","type":"page","link":"https:\/\/www.malt-events.lu\/en\/about-malt-innovative-factory","title":{"rendered":"About"},"content":{"rendered":"<p>ultra-short throw ELPLX02S<\/p>\n","protected":false},"excerpt":{"rendered":"<p>ultra-short throw ELPLX02S<\/p>\n","protected":false},"author":1,"featured_media":0,"parent":0,"menu_order":3,"comment_status":"closed","ping_status":"closed","template":"template-about.php","meta":{"om_disable_all_campaigns":false,"_monsterinsights_skip_tracking":false,"_monsterinsights_sitenote_active":false,"_monsterinsights_sitenote_note":"","_monsterinsights_sitenote_category":0,"footnotes":""},"class_list":["post-7","page","type-page","status-publish","hentry"],"acf":[],"yoast_head":"<!-- This site is optimized with the Yoast SEO plugin v27.2 - https:\/\/yoast.com\/product\/yoast-seo-wordpress\/ -->\n<title>A propos de Malt - Innovative Factory, lieu \u00e9v\u00e9nementiel au Luxembourg<\/title>\n<meta name=\"description\" content=\"D\u00e9couvrez la technique et l&#039;espace unique de Malt - Innovative Factory, nouveau lieu \u00e9v\u00e9nementiel au Luxembourg.\" \/>\n<meta name=\"robots\" content=\"index, follow, max-snippet:-1, max-image-preview:large, max-video-preview:-1\" \/>\n<link rel=\"canonical\" href=\"https:\/\/www.malt-events.lu\/en\/a-propos\" \/>\n<meta property=\"og:locale\" content=\"en_US\" \/>\n<meta property=\"og:type\" content=\"article\" \/>\n<meta property=\"og:title\" content=\"A propos de Malt - Innovative Factory, lieu \u00e9v\u00e9nementiel au Luxembourg\" \/>\n<meta property=\"og:description\" content=\"D\u00e9couvrez la technique et l&#039;espace unique de Malt - Innovative Factory, nouveau lieu \u00e9v\u00e9nementiel au Luxembourg.\" \/>\n<meta property=\"og:url\" content=\"https:\/\/www.malt-events.lu\/en\/a-propos\" \/>\n<meta property=\"og:site_name\" content=\"Malt\" \/>\n<meta property=\"article:publisher\" content=\"https:\/\/www.facebook.com\/maltluxembourg\/\" \/>\n<meta property=\"article:modified_time\" content=\"2024-07-15T15:13:10+00:00\" \/>\n<meta name=\"twitter:card\" content=\"summary_large_image\" \/>\n<meta name=\"twitter:label1\" content=\"Est. reading time\" \/>\n\t<meta name=\"twitter:data1\" content=\"1 minute\" \/>\n<script type=\"application\/ld+json\" class=\"yoast-schema-graph\">{\"@context\":\"https:\/\/schema.org\",\"@graph\":[{\"@type\":\"WebPage\",\"@id\":\"https:\/\/www.malt-events.lu\/en\/a-propos\",\"url\":\"https:\/\/www.malt-events.lu\/en\/a-propos\",\"name\":\"A propos de Malt - Innovative Factory, lieu \u00e9v\u00e9nementiel au Luxembourg\",\"isPartOf\":{\"@id\":\"https:\/\/www.malt-events.lu\/en\/#website\"},\"datePublished\":\"2022-07-15T09:43:12+00:00\",\"dateModified\":\"2024-07-15T15:13:10+00:00\",\"description\":\"D\u00e9couvrez la technique et l'espace unique de Malt - Innovative Factory, nouveau lieu \u00e9v\u00e9nementiel au Luxembourg.\",\"breadcrumb\":{\"@id\":\"https:\/\/www.malt-events.lu\/en\/a-propos#breadcrumb\"},\"inLanguage\":\"en-US\",\"potentialAction\":[{\"@type\":\"ReadAction\",\"target\":[[\"https:\/\/www.malt-events.lu\/en\/a-propos\"]]}]},{\"@type\":\"BreadcrumbList\",\"@id\":\"https:\/\/www.malt-events.lu\/en\/a-propos#breadcrumb\",\"itemListElement\":[{\"@type\":\"ListItem\",\"position\":1,\"name\":\"Accueil\",\"item\":\"https:\/\/www.malt-events.lu\/en\/\"},{\"@type\":\"ListItem\",\"position\":2,\"name\":\"A propos\"}]},{\"@type\":\"WebSite\",\"@id\":\"https:\/\/www.malt-events.lu\/en\/#website\",\"url\":\"https:\/\/www.malt-events.lu\/en\/\",\"name\":\"malt-events.lu\",\"description\":\"Innovative Factory\",\"publisher\":{\"@id\":\"https:\/\/www.malt-events.lu\/en\/#organization\"},\"potentialAction\":[{\"@type\":\"SearchAction\",\"target\":{\"@type\":\"EntryPoint\",\"urlTemplate\":\"https:\/\/www.malt-events.lu\/en\/?s={search_term_string}\"},\"query-input\":{\"@type\":\"PropertyValueSpecification\",\"valueRequired\":true,\"valueName\":\"search_term_string\"}}],\"inLanguage\":\"en-US\"},{\"@type\":\"Organization\",\"@id\":\"https:\/\/www.malt-events.lu\/en\/#organization\",\"name\":\"Malt - Innovative Factory\",\"url\":\"https:\/\/www.malt-events.lu\/en\/\",\"logo\":{\"@type\":\"ImageObject\",\"inLanguage\":\"en-US\",\"@id\":\"https:\/\/www.malt-events.lu\/en\/#\/schema\/logo\/image\/\",\"url\":\"https:\/\/www.malt-events.lu\/wp-content\/uploads\/2023\/10\/Malt_logo_final-black_2022.png\",\"contentUrl\":\"https:\/\/www.malt-events.lu\/wp-content\/uploads\/2023\/10\/Malt_logo_final-black_2022.png\",\"width\":1641,\"height\":728,\"caption\":\"Malt - Innovative Factory\"},\"image\":{\"@id\":\"https:\/\/www.malt-events.lu\/en\/#\/schema\/logo\/image\/\"},\"sameAs\":[\"https:\/\/www.facebook.com\/maltluxembourg\/\",\"https:\/\/www.linkedin.com\/company\/maltluxembourg\",\"https:\/\/www.instagram.com\/malt_luxembourg\/\"]}]}<\/script>\n<!-- \/ Yoast SEO plugin. -->","yoast_head_json":{"title":"A propos de Malt - Innovative Factory, lieu \u00e9v\u00e9nementiel au Luxembourg","description":"D\u00e9couvrez la technique et l'espace unique de Malt - Innovative Factory, nouveau lieu \u00e9v\u00e9nementiel au Luxembourg.","robots":{"index":"index","follow":"follow","max-snippet":"max-snippet:-1","max-image-preview":"max-image-preview:large","max-video-preview":"max-video-preview:-1"},"canonical":"https:\/\/www.malt-events.lu\/en\/a-propos","og_locale":"en_US","og_type":"article","og_title":"A propos de Malt - Innovative Factory, lieu \u00e9v\u00e9nementiel au Luxembourg","og_description":"D\u00e9couvrez la technique et l'espace unique de Malt - Innovative Factory, nouveau lieu \u00e9v\u00e9nementiel au Luxembourg.","og_url":"https:\/\/www.malt-events.lu\/en\/a-propos","og_site_name":"Malt","article_publisher":"https:\/\/www.facebook.com\/maltluxembourg\/","article_modified_time":"2024-07-15T15:13:10+00:00","twitter_card":"summary_large_image","twitter_misc":{"Est. reading time":"1 minute"},"schema":{"@context":"https:\/\/schema.org","@graph":[{"@type":"WebPage","@id":"https:\/\/www.malt-events.lu\/en\/a-propos","url":"https:\/\/www.malt-events.lu\/en\/a-propos","name":"A propos de Malt - Innovative Factory, lieu \u00e9v\u00e9nementiel au Luxembourg","isPartOf":{"@id":"https:\/\/www.malt-events.lu\/en\/#website"},"datePublished":"2022-07-15T09:43:12+00:00","dateModified":"2024-07-15T15:13:10+00:00","description":"D\u00e9couvrez la technique et l'espace unique de Malt - Innovative Factory, nouveau lieu \u00e9v\u00e9nementiel au Luxembourg.","breadcrumb":{"@id":"https:\/\/www.malt-events.lu\/en\/a-propos#breadcrumb"},"inLanguage":"en-US","potentialAction":[{"@type":"ReadAction","target":[["https:\/\/www.malt-events.lu\/en\/a-propos"]]}]},{"@type":"BreadcrumbList","@id":"https:\/\/www.malt-events.lu\/en\/a-propos#breadcrumb","itemListElement":[{"@type":"ListItem","position":1,"name":"Accueil","item":"https:\/\/www.malt-events.lu\/en\/"},{"@type":"ListItem","position":2,"name":"A propos"}]},{"@type":"WebSite","@id":"https:\/\/www.malt-events.lu\/en\/#website","url":"https:\/\/www.malt-events.lu\/en\/","name":"malt-events.lu","description":"Innovative Factory","publisher":{"@id":"https:\/\/www.malt-events.lu\/en\/#organization"},"potentialAction":[{"@type":"SearchAction","target":{"@type":"EntryPoint","urlTemplate":"https:\/\/www.malt-events.lu\/en\/?s={search_term_string}"},"query-input":{"@type":"PropertyValueSpecification","valueRequired":true,"valueName":"search_term_string"}}],"inLanguage":"en-US"},{"@type":"Organization","@id":"https:\/\/www.malt-events.lu\/en\/#organization","name":"Malt - Innovative Factory","url":"https:\/\/www.malt-events.lu\/en\/","logo":{"@type":"ImageObject","inLanguage":"en-US","@id":"https:\/\/www.malt-events.lu\/en\/#\/schema\/logo\/image\/","url":"https:\/\/www.malt-events.lu\/wp-content\/uploads\/2023\/10\/Malt_logo_final-black_2022.png","contentUrl":"https:\/\/www.malt-events.lu\/wp-content\/uploads\/2023\/10\/Malt_logo_final-black_2022.png","width":1641,"height":728,"caption":"Malt - Innovative Factory"},"image":{"@id":"https:\/\/www.malt-events.lu\/en\/#\/schema\/logo\/image\/"},"sameAs":["https:\/\/www.facebook.com\/maltluxembourg\/","https:\/\/www.linkedin.com\/company\/maltluxembourg","https:\/\/www.instagram.com\/malt_luxembourg\/"]}]}},"_links":{"self":[{"href":"https:\/\/www.malt-events.lu\/en\/wp-json\/wp\/v2\/pages\/7","targetHints":{"allow":["GET"]}}],"collection":[{"href":"https:\/\/www.malt-events.lu\/en\/wp-json\/wp\/v2\/pages"}],"about":[{"href":"https:\/\/www.malt-events.lu\/en\/wp-json\/wp\/v2\/types\/page"}],"author":[{"embeddable":true,"href":"https:\/\/www.malt-events.lu\/en\/wp-json\/wp\/v2\/users\/1"}],"replies":[{"embeddable":true,"href":"https:\/\/www.malt-events.lu\/en\/wp-json\/wp\/v2\/comments?post=7"}],"version-history":[{"count":142,"href":"https:\/\/www.malt-events.lu\/en\/wp-json\/wp\/v2\/pages\/7\/revisions"}],"predecessor-version":[{"id":971,"href":"https:\/\/www.malt-events.lu\/en\/wp-json\/wp\/v2\/pages\/7\/revisions\/971"}],"wp:attachment":[{"href":"https:\/\/www.malt-events.lu\/en\/wp-json\/wp\/v2\/media?parent=7"}],"curies":[{"name":"wp","href":"https:\/\/api.w.org\/{rel}","templated":true}]}}