{"id":13,"date":"2022-07-15T11:43:12","date_gmt":"2022-07-15T09:43:12","guid":{"rendered":"http:\/\/www.malt-events.lu\/contact\/"},"modified":"2024-07-15T17:18:20","modified_gmt":"2024-07-15T15:18:20","slug":"contact-malt-evenement-luxembourg","status":"publish","type":"page","link":"https:\/\/www.malt-events.lu\/en\/contact","title":{"rendered":"Contact"},"content":{"rendered":"","protected":false},"excerpt":{"rendered":"","protected":false},"author":1,"featured_media":486,"parent":0,"menu_order":6,"comment_status":"closed","ping_status":"closed","template":"template-contact.php","meta":{"om_disable_all_campaigns":false,"_monsterinsights_skip_tracking":false,"_monsterinsights_sitenote_active":false,"_monsterinsights_sitenote_note":"","_monsterinsights_sitenote_category":0,"footnotes":""},"class_list":["post-13","page","type-page","status-publish","has-post-thumbnail","hentry"],"acf":[],"yoast_head":"<!-- This site is optimized with the Yoast SEO plugin v27.2 - https:\/\/yoast.com\/product\/yoast-seo-wordpress\/ -->\n<title>Malt - Innovative Factory - Contactez votre lieu \u00e9v\u00e9nementiel<\/title>\n<meta name=\"description\" content=\"Contactez Malt - Innovative Factory votre lieu \u00e9v\u00e9nementiel au Luxembourg pour organiser votre \u00e9v\u00e9nement dans un lieu unique.\" \/>\n<meta name=\"robots\" content=\"index, follow, max-snippet:-1, max-image-preview:large, max-video-preview:-1\" \/>\n<link rel=\"canonical\" href=\"https:\/\/www.malt-events.lu\/en\/contact\" \/>\n<meta property=\"og:locale\" content=\"en_US\" \/>\n<meta property=\"og:type\" content=\"article\" \/>\n<meta property=\"og:title\" content=\"Malt - Innovative Factory - Contactez votre lieu \u00e9v\u00e9nementiel\" \/>\n<meta property=\"og:description\" content=\"Contactez Malt - Innovative Factory votre lieu \u00e9v\u00e9nementiel au Luxembourg pour organiser votre \u00e9v\u00e9nement dans un lieu unique.\" \/>\n<meta property=\"og:url\" content=\"https:\/\/www.malt-events.lu\/en\/contact\" \/>\n<meta property=\"og:site_name\" content=\"Malt\" \/>\n<meta property=\"article:publisher\" content=\"https:\/\/www.facebook.com\/maltluxembourg\/\" \/>\n<meta property=\"article:modified_time\" content=\"2024-07-15T15:18:20+00:00\" \/>\n<meta property=\"og:image\" content=\"https:\/\/www.malt-events.lu\/wp-content\/uploads\/2022\/12\/MALT_website-v7_contact.jpg\" \/>\n\t<meta property=\"og:image:width\" content=\"1391\" \/>\n\t<meta property=\"og:image:height\" content=\"920\" \/>\n\t<meta property=\"og:image:type\" content=\"image\/jpeg\" \/>\n<meta name=\"twitter:card\" content=\"summary_large_image\" \/>\n<meta name=\"twitter:label1\" content=\"Est. reading time\" \/>\n\t<meta name=\"twitter:data1\" content=\"1 minute\" \/>\n<script type=\"application\/ld+json\" class=\"yoast-schema-graph\">{\"@context\":\"https:\/\/schema.org\",\"@graph\":[{\"@type\":\"WebPage\",\"@id\":\"https:\/\/www.malt-events.lu\/en\/contact\",\"url\":\"https:\/\/www.malt-events.lu\/en\/contact\",\"name\":\"Malt - Innovative Factory - Contactez votre lieu \u00e9v\u00e9nementiel\",\"isPartOf\":{\"@id\":\"https:\/\/www.malt-events.lu\/en\/#website\"},\"primaryImageOfPage\":{\"@id\":\"https:\/\/www.malt-events.lu\/en\/contact#primaryimage\"},\"image\":{\"@id\":\"https:\/\/www.malt-events.lu\/contact#primaryimage\"},\"thumbnailUrl\":\"https:\/\/www.malt-events.lu\/wp-content\/uploads\/2022\/12\/MALT_website-v7_contact.jpg\",\"datePublished\":\"2022-07-15T09:43:12+00:00\",\"dateModified\":\"2024-07-15T15:18:20+00:00\",\"description\":\"Contactez Malt - Innovative Factory votre lieu \u00e9v\u00e9nementiel au Luxembourg pour organiser votre \u00e9v\u00e9nement dans un lieu unique.\",\"breadcrumb\":{\"@id\":\"https:\/\/www.malt-events.lu\/en\/contact#breadcrumb\"},\"inLanguage\":\"en-US\",\"potentialAction\":[{\"@type\":\"ReadAction\",\"target\":[[\"https:\/\/www.malt-events.lu\/en\/contact\"]]}]},{\"@type\":\"ImageObject\",\"inLanguage\":\"en-US\",\"@id\":\"https:\/\/www.malt-events.lu\/en\/contact#primaryimage\",\"url\":\"https:\/\/www.malt-events.lu\/wp-content\/uploads\/2022\/12\/MALT_website-v7_contact.jpg\",\"contentUrl\":\"https:\/\/www.malt-events.lu\/wp-content\/uploads\/2022\/12\/MALT_website-v7_contact.jpg\",\"width\":1391,\"height\":920},{\"@type\":\"BreadcrumbList\",\"@id\":\"https:\/\/www.malt-events.lu\/en\/contact#breadcrumb\",\"itemListElement\":[{\"@type\":\"ListItem\",\"position\":1,\"name\":\"Accueil\",\"item\":\"https:\/\/www.malt-events.lu\/en\/\"},{\"@type\":\"ListItem\",\"position\":2,\"name\":\"Contact\"}]},{\"@type\":\"WebSite\",\"@id\":\"https:\/\/www.malt-events.lu\/en\/#website\",\"url\":\"https:\/\/www.malt-events.lu\/en\/\",\"name\":\"malt-events.lu\",\"description\":\"Innovative Factory\",\"publisher\":{\"@id\":\"https:\/\/www.malt-events.lu\/en\/#organization\"},\"potentialAction\":[{\"@type\":\"SearchAction\",\"target\":{\"@type\":\"EntryPoint\",\"urlTemplate\":\"https:\/\/www.malt-events.lu\/en\/?s={search_term_string}\"},\"query-input\":{\"@type\":\"PropertyValueSpecification\",\"valueRequired\":true,\"valueName\":\"search_term_string\"}}],\"inLanguage\":\"en-US\"},{\"@type\":\"Organization\",\"@id\":\"https:\/\/www.malt-events.lu\/en\/#organization\",\"name\":\"Malt - Innovative Factory\",\"url\":\"https:\/\/www.malt-events.lu\/en\/\",\"logo\":{\"@type\":\"ImageObject\",\"inLanguage\":\"en-US\",\"@id\":\"https:\/\/www.malt-events.lu\/en\/#\/schema\/logo\/image\/\",\"url\":\"https:\/\/www.malt-events.lu\/wp-content\/uploads\/2023\/10\/Malt_logo_final-black_2022.png\",\"contentUrl\":\"https:\/\/www.malt-events.lu\/wp-content\/uploads\/2023\/10\/Malt_logo_final-black_2022.png\",\"width\":1641,\"height\":728,\"caption\":\"Malt - Innovative Factory\"},\"image\":{\"@id\":\"https:\/\/www.malt-events.lu\/en\/#\/schema\/logo\/image\/\"},\"sameAs\":[\"https:\/\/www.facebook.com\/maltluxembourg\/\",\"https:\/\/www.linkedin.com\/company\/maltluxembourg\",\"https:\/\/www.instagram.com\/malt_luxembourg\/\"]}]}<\/script>\n<!-- \/ Yoast SEO plugin. -->","yoast_head_json":{"title":"Malt - Innovative Factory - Contactez votre lieu \u00e9v\u00e9nementiel","description":"Contactez Malt - Innovative Factory votre lieu \u00e9v\u00e9nementiel au Luxembourg pour organiser votre \u00e9v\u00e9nement dans un lieu unique.","robots":{"index":"index","follow":"follow","max-snippet":"max-snippet:-1","max-image-preview":"max-image-preview:large","max-video-preview":"max-video-preview:-1"},"canonical":"https:\/\/www.malt-events.lu\/en\/contact","og_locale":"en_US","og_type":"article","og_title":"Malt - Innovative Factory - Contactez votre lieu \u00e9v\u00e9nementiel","og_description":"Contactez Malt - Innovative Factory votre lieu \u00e9v\u00e9nementiel au Luxembourg pour organiser votre \u00e9v\u00e9nement dans un lieu unique.","og_url":"https:\/\/www.malt-events.lu\/en\/contact","og_site_name":"Malt","article_publisher":"https:\/\/www.facebook.com\/maltluxembourg\/","article_modified_time":"2024-07-15T15:18:20+00:00","og_image":[{"width":1391,"height":920,"url":"https:\/\/www.malt-events.lu\/wp-content\/uploads\/2022\/12\/MALT_website-v7_contact.jpg","type":"image\/jpeg"}],"twitter_card":"summary_large_image","twitter_misc":{"Est. reading time":"1 minute"},"schema":{"@context":"https:\/\/schema.org","@graph":[{"@type":"WebPage","@id":"https:\/\/www.malt-events.lu\/en\/contact","url":"https:\/\/www.malt-events.lu\/en\/contact","name":"Malt - Innovative Factory - Contactez votre lieu \u00e9v\u00e9nementiel","isPartOf":{"@id":"https:\/\/www.malt-events.lu\/en\/#website"},"primaryImageOfPage":{"@id":"https:\/\/www.malt-events.lu\/en\/contact#primaryimage"},"image":{"@id":"https:\/\/www.malt-events.lu\/contact#primaryimage"},"thumbnailUrl":"https:\/\/www.malt-events.lu\/wp-content\/uploads\/2022\/12\/MALT_website-v7_contact.jpg","datePublished":"2022-07-15T09:43:12+00:00","dateModified":"2024-07-15T15:18:20+00:00","description":"Contactez Malt - Innovative Factory votre lieu \u00e9v\u00e9nementiel au Luxembourg pour organiser votre \u00e9v\u00e9nement dans un lieu unique.","breadcrumb":{"@id":"https:\/\/www.malt-events.lu\/en\/contact#breadcrumb"},"inLanguage":"en-US","potentialAction":[{"@type":"ReadAction","target":[["https:\/\/www.malt-events.lu\/en\/contact"]]}]},{"@type":"ImageObject","inLanguage":"en-US","@id":"https:\/\/www.malt-events.lu\/en\/contact#primaryimage","url":"https:\/\/www.malt-events.lu\/wp-content\/uploads\/2022\/12\/MALT_website-v7_contact.jpg","contentUrl":"https:\/\/www.malt-events.lu\/wp-content\/uploads\/2022\/12\/MALT_website-v7_contact.jpg","width":1391,"height":920},{"@type":"BreadcrumbList","@id":"https:\/\/www.malt-events.lu\/en\/contact#breadcrumb","itemListElement":[{"@type":"ListItem","position":1,"name":"Accueil","item":"https:\/\/www.malt-events.lu\/en\/"},{"@type":"ListItem","position":2,"name":"Contact"}]},{"@type":"WebSite","@id":"https:\/\/www.malt-events.lu\/en\/#website","url":"https:\/\/www.malt-events.lu\/en\/","name":"malt-events.lu","description":"Innovative Factory","publisher":{"@id":"https:\/\/www.malt-events.lu\/en\/#organization"},"potentialAction":[{"@type":"SearchAction","target":{"@type":"EntryPoint","urlTemplate":"https:\/\/www.malt-events.lu\/en\/?s={search_term_string}"},"query-input":{"@type":"PropertyValueSpecification","valueRequired":true,"valueName":"search_term_string"}}],"inLanguage":"en-US"},{"@type":"Organization","@id":"https:\/\/www.malt-events.lu\/en\/#organization","name":"Malt - Innovative Factory","url":"https:\/\/www.malt-events.lu\/en\/","logo":{"@type":"ImageObject","inLanguage":"en-US","@id":"https:\/\/www.malt-events.lu\/en\/#\/schema\/logo\/image\/","url":"https:\/\/www.malt-events.lu\/wp-content\/uploads\/2023\/10\/Malt_logo_final-black_2022.png","contentUrl":"https:\/\/www.malt-events.lu\/wp-content\/uploads\/2023\/10\/Malt_logo_final-black_2022.png","width":1641,"height":728,"caption":"Malt - Innovative Factory"},"image":{"@id":"https:\/\/www.malt-events.lu\/en\/#\/schema\/logo\/image\/"},"sameAs":["https:\/\/www.facebook.com\/maltluxembourg\/","https:\/\/www.linkedin.com\/company\/maltluxembourg","https:\/\/www.instagram.com\/malt_luxembourg\/"]}]}},"_links":{"self":[{"href":"https:\/\/www.malt-events.lu\/en\/wp-json\/wp\/v2\/pages\/13","targetHints":{"allow":["GET"]}}],"collection":[{"href":"https:\/\/www.malt-events.lu\/en\/wp-json\/wp\/v2\/pages"}],"about":[{"href":"https:\/\/www.malt-events.lu\/en\/wp-json\/wp\/v2\/types\/page"}],"author":[{"embeddable":true,"href":"https:\/\/www.malt-events.lu\/en\/wp-json\/wp\/v2\/users\/1"}],"replies":[{"embeddable":true,"href":"https:\/\/www.malt-events.lu\/en\/wp-json\/wp\/v2\/comments?post=13"}],"version-history":[{"count":18,"href":"https:\/\/www.malt-events.lu\/en\/wp-json\/wp\/v2\/pages\/13\/revisions"}],"predecessor-version":[{"id":964,"href":"https:\/\/www.malt-events.lu\/en\/wp-json\/wp\/v2\/pages\/13\/revisions\/964"}],"wp:featuredmedia":[{"embeddable":true,"href":"https:\/\/www.malt-events.lu\/en\/wp-json\/wp\/v2\/media\/486"}],"wp:attachment":[{"href":"https:\/\/www.malt-events.lu\/en\/wp-json\/wp\/v2\/media?parent=13"}],"curies":[{"name":"wp","href":"https:\/\/api.w.org\/{rel}","templated":true}]}}